{"id":4883,"date":"2025-05-29T14:10:32","date_gmt":"2025-05-29T12:10:32","guid":{"rendered":"https:\/\/www.mastervoice.eu\/interpretation-automatique\/"},"modified":"2025-08-04T20:32:59","modified_gmt":"2025-08-04T18:32:59","slug":"interpretation-automatique","status":"publish","type":"page","link":"https:\/\/www.mastervoice.eu\/fr\/interpretation-automatique\/","title":{"rendered":"Interpr\u00e9tation automatique"},"content":{"rendered":"&#13;\n<p>Exploration du r\u00f4le de l&rsquo;interpr\u00e9tation automatique et des principaux crit\u00e8res de s\u00e9lection<\/p>&#13;\n&#13;\n<p>Dans un monde de plus en plus interconnect\u00e9, la n\u00e9cessit\u00e9 d&rsquo;une communication transparente entre les langues n&rsquo;a jamais \u00e9t\u00e9 aussi importante. L&rsquo;interpr\u00e9tation automatis\u00e9e, aliment\u00e9e par les progr\u00e8s de l&rsquo;intelligence artificielle (IA) et de l&rsquo;apprentissage automatique, appara\u00eet comme une solution transformatrice permettant de franchir les barri\u00e8res linguistiques. Cet article se penche sur le concept de l&rsquo;interpr\u00e9tation automatique, examine ses avantages et pr\u00e9sente les crit\u00e8res essentiels \u00e0 prendre en compte lors de l&rsquo;\u00e9valuation des syst\u00e8mes d&rsquo;interpr\u00e9tation automatique.  <\/p>&#13;\n&#13;\n<p>Qu&rsquo;est-ce que l&rsquo;interpr\u00e9tation automatique ?<\/p>&#13;\n&#13;\n<p>L&rsquo;interpr\u00e9tation automatique fait r\u00e9f\u00e9rence \u00e0 l&rsquo;utilisation de syst\u00e8mes pilot\u00e9s par l&rsquo;IA pour traduire la langue parl\u00e9e en temps r\u00e9el. Contrairement aux outils de traduction traditionnels, qui se concentrent sur le texte \u00e9crit, les syst\u00e8mes d&rsquo;interpr\u00e9tation sont con\u00e7us pour traiter le langage parl\u00e9 et y r\u00e9pondre dans le cadre de conversations dynamiques. Ces syst\u00e8mes utilisent la reconnaissance vocale, le traitement du langage naturel (NLP) et les technologies de synth\u00e8se vocale pour convertir presque instantan\u00e9ment les donn\u00e9es orales dans une autre langue.  <\/p>&#13;\n&#13;\n<p>Les outils d&rsquo;interpr\u00e9tation automatique englobent des applications telles que la fonction de transcription en direct de Google Translate, Microsoft Translator, DeepL et d&rsquo;autres logiciels sp\u00e9cialis\u00e9s. Cependant, pour les conf\u00e9rences, l&rsquo;interpr\u00e9tation automatis\u00e9e n\u00e9cessite une plateforme d\u00e9di\u00e9e qui int\u00e8gre des mod\u00e8les linguistiques, la technologie vocale et la traduction automatique neuronale, ainsi que des m\u00e9canismes de personnalisation et de s\u00e9curit\u00e9. <\/p>&#13;\n&#13;\n<p>Ces innovations permettent aux utilisateurs de communiquer en temps r\u00e9el, ce qui les rend indispensables dans des contextes allant des r\u00e9unions d&rsquo;affaires internationales aux voyages, en passant par les soins de sant\u00e9 et les services d&rsquo;urgence.<\/p>&#13;\n&#13;\n<p>Les avantages de l&rsquo;interpr\u00e9tation automatis\u00e9e<\/p>&#13;\n&#13;\n<p>L&rsquo;interpr\u00e9tation automatis\u00e9e pr\u00e9sente de nombreux avantages par rapport aux m\u00e9thodes traditionnelles :<\/p>&#13;\n\r\n<ul class=\"wp-block-list\">&#13;\n<li>Communication en temps r\u00e9el : Les syst\u00e8mes d&rsquo;interpr\u00e9tation automatis\u00e9s facilitent la traduction imm\u00e9diate, \u00e9liminant ainsi les barri\u00e8res linguistiques sur place.<\/li>&#13;\n\r\n\r\n&#13;\n<li>Rapport co\u00fbt-efficacit\u00e9 : L&#8217;embauche d&rsquo;interpr\u00e8tes humains peut s&rsquo;av\u00e9rer co\u00fbteuse, en particulier en cas d&rsquo;utilisation prolong\u00e9e ou fr\u00e9quente. L&rsquo;interpr\u00e9tation automatique offre une alternative plus abordable. <\/li>&#13;\n\r\n\r\n&#13;\n<li>Disponibilit\u00e9 24 heures sur 24, 7 jours sur 7 : Contrairement aux interpr\u00e8tes humains, les syst\u00e8mes automatis\u00e9s sont accessibles \u00e0 tout moment et en tout lieu.<\/li>&#13;\n\r\n\r\n&#13;\n<li>\u00c9volutivit\u00e9 : L&rsquo;interpr\u00e9tation automatis\u00e9e peut traiter plusieurs langues et dialectes, ce qui la rend adapt\u00e9e \u00e0 divers environnements.<\/li>&#13;\n\r\n\r\n&#13;\n<li>Am\u00e9lioration de l&rsquo;accessibilit\u00e9 : Ces outils rendent la communication accessible aux personnes qui n&rsquo;auraient pas acc\u00e8s \u00e0 des services d&rsquo;interpr\u00e9tation professionnels.<\/li>&#13;\n<\/ul>\r\n&#13;\n<p>Cependant, malgr\u00e9 ses avantages, l&rsquo;interpr\u00e9tation automatis\u00e9e n&rsquo;est pas sans limites. La complexit\u00e9 du langage humain, y compris les idiomes, les nuances culturelles, la prosodie, l&rsquo;intonation et les tons \u00e9motionnels, pose des d\u00e9fis importants que les machines s&rsquo;efforcent encore de surmonter. <\/p>&#13;\n&#13;\n<p><strong><em>L&rsquo;\u00e9valuation des risques, la responsabilit\u00e9 et la fiabilit\u00e9 sont des crit\u00e8res de s\u00e9lection essentiels avant d&rsquo;utiliser une solution de traduction automatique : les r\u00e9unions d&rsquo;int\u00e9r\u00eat humain sont mieux soutenues par une interpr\u00e9tation humaine effectu\u00e9e par des linguistes experts qui d\u00e9livrent le message par d\u00e9duction de l&rsquo;information, et non par induction de donn\u00e9es comme c&rsquo;est le cas avec l&rsquo;interpr\u00e9tation automatique.<\/em><\/strong><\/p>&#13;\n&#13;\n<p>Crit\u00e8res d&rsquo;\u00e9valuation des syst\u00e8mes d&rsquo;interpr\u00e9tation automatique<\/p>&#13;\n&#13;\n<p>Lorsque vous envisagez de mettre en place un syst\u00e8me d&rsquo;interpr\u00e9tation automatique, il est essentiel d&rsquo;\u00e9valuer les syst\u00e8mes sur la base de crit\u00e8res sp\u00e9cifiques afin de s&rsquo;assurer de leur efficacit\u00e9 et de leur ad\u00e9quation \u00e0 vos besoins. Vous trouverez ci-dessous les facteurs cl\u00e9s \u00e0 prendre en compte : <\/p>&#13;\n&#13;\n<p>1. Pr\u00e9cision de la traduction<\/p>&#13;\n&#13;\n<p>La pr\u00e9cision est primordiale en mati\u00e8re d&rsquo;interpr\u00e9tation. Le syst\u00e8me id\u00e9al doit capturer avec pr\u00e9cision le sens, le contexte et l&rsquo;intention de l&rsquo;entr\u00e9e vocale, en \u00e9vitant les erreurs qui pourraient conduire \u00e0 des malentendus. Il est important de tester le syst\u00e8me avec une vari\u00e9t\u00e9 d&rsquo;accents, de vitesses d&rsquo;\u00e9locution et de contextes afin d&rsquo;\u00e9valuer sa fiabilit\u00e9.  <\/p>&#13;\n&#13;\n<p>2. Soutien aux langues et dialectes<\/p>&#13;\n&#13;\n<p>La polyvalence d&rsquo;un syst\u00e8me d&rsquo;interpr\u00e9tation automatique d\u00e9pend de la gamme de langues et de dialectes qu&rsquo;il prend en charge. Pour les applications mondiales, le syst\u00e8me doit prendre en charge les langues les moins couramment parl\u00e9es et les variations r\u00e9gionales, afin de garantir un acc\u00e8s \u00e9quitable \u00e0 tous les utilisateurs. <\/p>&#13;\n&#13;\n<p>3. Vitesse de traitement en temps r\u00e9el<\/p>&#13;\n&#13;\n<p>Les retards de traduction peuvent perturber le flux de communication. Une bonne solution d&rsquo;interpr\u00e9tation automatis\u00e9e doit fournir des r\u00e9sultats quasi instantan\u00e9s, permettant des conversations fluides et ininterrompues. <\/p>&#13;\n&#13;\n<p>4. Adaptabilit\u00e9 au contexte<\/p>&#13;\n&#13;\n<p>La communication humaine est profond\u00e9ment contextuelle. Un syst\u00e8me efficace doit \u00eatre capable de comprendre et de s&rsquo;adapter au sujet qu&rsquo;il interpr\u00e8te, qu&rsquo;il s&rsquo;agisse d&rsquo;une conversation informelle, d&rsquo;une n\u00e9gociation commerciale ou d&rsquo;une consultation m\u00e9dicale. La terminologie sp\u00e9cialis\u00e9e et le jargon doivent \u00eatre trait\u00e9s avec pr\u00e9cision.  <\/p>&#13;\n&#13;\n<p>5. Facilit\u00e9 d&rsquo;utilisation<\/p>&#13;\n&#13;\n<p>L&rsquo;interface utilisateur doit \u00eatre intuitive et accessible \u00e0 des personnes ayant diff\u00e9rents niveaux d&rsquo;expertise technique. Cet aspect est particuli\u00e8rement important pour les outils destin\u00e9s aux personnes se trouvant dans des situations de forte pression, comme les intervenants en cas d&rsquo;urgence. <\/p>&#13;\n&#13;\n<p>6. Vie priv\u00e9e et s\u00e9curit\u00e9<\/p>&#13;\n&#13;\n<p>\u00c9tant donn\u00e9 que l&rsquo;interpr\u00e9tation implique souvent des conversations sensibles ou priv\u00e9es, le syst\u00e8me doit \u00eatre conforme \u00e0 des normes strictes en mati\u00e8re de protection de la vie priv\u00e9e. Le chiffrement de bout en bout et la conformit\u00e9 aux r\u00e9glementations sur la protection des donn\u00e9es, telles que le GDPR et le Digital Markets Act, sont des consid\u00e9rations essentielles. <\/p>&#13;\n&#13;\n<p>7. Capacit\u00e9s d&rsquo;int\u00e9gration<\/p>&#13;\n&#13;\n<p>Pour les entreprises, la capacit\u00e9 \u00e0 s&rsquo;int\u00e9grer aux plateformes de communication existantes (par exemple Zoom, Microsoft Teams ou les syst\u00e8mes de t\u00e9l\u00e9sant\u00e9) est un avantage significatif. L&rsquo;int\u00e9gration transparente am\u00e9liore la productivit\u00e9 et l&rsquo;exp\u00e9rience des utilisateurs. <\/p>&#13;\n&#13;\n<p>8. Co\u00fbt et \u00e9volutivit\u00e9<\/p>&#13;\n&#13;\n<p>Les entreprises doivent \u00e9valuer les co\u00fbts d&rsquo;acquisition et de maintenance d&rsquo;un syst\u00e8me d&rsquo;interpr\u00e9tation automatis\u00e9 par rapport \u00e0 ses avantages. Pour les grandes entreprises, l&rsquo;\u00e9volutivit\u00e9, qui permet d&rsquo;accueillir un grand nombre d&rsquo;utilisateurs ou de conversations simultan\u00e9es, est un facteur essentiel. <\/p>&#13;\n&#13;\n<p>D\u00e9fis et orientations de l&rsquo;interpr\u00e9tation assist\u00e9e par ordinateur<\/p>&#13;\n&#13;\n<p>Malgr\u00e9 les capacit\u00e9s impressionnantes des technologies actuelles d&rsquo;interpr\u00e9tation automatique, des d\u00e9fis subsistent. Les sarcasmes, les expressions idiomatiques et les sous-entendus culturels \u00e9chappent souvent \u00e0 la compr\u00e9hension de la machine. De plus, les bruits de fond et le chevauchement des discours peuvent r\u00e9duire la pr\u00e9cision.  <\/p>&#13;\n&#13;\n<p>L&rsquo;avenir de l&rsquo;interpr\u00e9tation automatique r\u00e9side dans le perfectionnement continu des algorithmes d&rsquo;IA et l&rsquo;int\u00e9gration de l&rsquo;intelligence culturelle. Au fur et \u00e0 mesure que les syst\u00e8mes deviendront plus aptes \u00e0 comprendre les nuances de l&rsquo;interaction humaine, ils compl\u00e9teront de plus en plus et, dans certains cas, remplaceront les interpr\u00e8tes humains dans des sc\u00e9narios sp\u00e9cifiques. <\/p>&#13;\n&#13;\n<p>Conclusion<\/p>&#13;\n&#13;\n<p>L&rsquo;interpr\u00e9tation automatis\u00e9e repr\u00e9sente une \u00e9tape d\u00e9cisive dans le franchissement des barri\u00e8res linguistiques mondiales. Bien qu&rsquo;elle ne soit pas encore un substitut parfait \u00e0 l&rsquo;interpr\u00e9tation et \u00e0 l&rsquo;expertise humaines, son potentiel est ind\u00e9niable, en particulier dans les situations o\u00f9 le co\u00fbt, la rapidit\u00e9 et l&rsquo;accessibilit\u00e9 sont des pr\u00e9occupations majeures. En \u00e9valuant soigneusement les syst\u00e8mes sur la base des crit\u00e8res d\u00e9crits ci-dessus, les individus et les organisations peuvent exploiter la puissance de cette technologie pour am\u00e9liorer la communication et favoriser une meilleure compr\u00e9hension entre les cultures.  <\/p>&#13;\n&#13;\n<p>\u00c0 l&rsquo;avenir, le r\u00f4le de l&rsquo;interpr\u00e9tation automatique ne fera que cro\u00eetre, offrant de nouvelles possibilit\u00e9s de collaboration et de connexion dans notre monde multilingue.<\/p>&#13;\n&#13;\n<p>L&rsquo;interpr\u00e9tation humaine reste le choix privil\u00e9gi\u00e9 dans les sc\u00e9narios ou les \u00e9changes o\u00f9 des int\u00e9r\u00eats humains sont en jeu et o\u00f9 il est important que votre message soit valid\u00e9 par des \u00eatres humains. Cependant, de nombreux \u00e9v\u00e9nements peuvent b\u00e9n\u00e9ficier de l&rsquo;interpr\u00e9tation automatique lorsque les interpr\u00e8tes humains ne sont pas disponibles, accessibles ou abordables pour les \u00e9changes internationaux. <\/p>&#13;\n","protected":false},"excerpt":{"rendered":"<p>&#13; Exploration du r\u00f4le de l&rsquo;interpr\u00e9tation automatique et des principaux crit\u00e8res de s\u00e9lection &#13; &#13; Dans un monde de plus en plus interconnect\u00e9, la n\u00e9cessit\u00e9 d&rsquo;une communication transparente entre les&#8230;<\/p>\n","protected":false},"author":3,"featured_media":0,"parent":0,"menu_order":0,"comment_status":"closed","ping_status":"closed","template":"","meta":{"_monsterinsights_skip_tracking":false,"_monsterinsights_sitenote_active":false,"_monsterinsights_sitenote_note":"","_monsterinsights_sitenote_category":0,"_uf_show_specific_survey":0,"_uf_disable_surveys":false,"footnotes":""},"class_list":["post-4883","page","type-page","status-publish"],"yoast_head":"<!-- This site is optimized with the Yoast SEO plugin v27.5 - https:\/\/yoast.com\/product\/yoast-seo-wordpress\/ -->\n<title>Interpr\u00e9tation automatique - Mastervoice<\/title>\n<meta name=\"robots\" content=\"index, follow, max-snippet:-1, max-image-preview:large, max-video-preview:-1\" \/>\n<link rel=\"canonical\" href=\"https:\/\/www.mastervoice.eu\/fr\/interpretation-automatique\/\" \/>\n<meta property=\"og:locale\" content=\"fr_FR\" \/>\n<meta property=\"og:type\" content=\"article\" \/>\n<meta property=\"og:title\" content=\"Interpr\u00e9tation automatique - Mastervoice\" \/>\n<meta property=\"og:description\" content=\"&#013; Exploration du r\u00f4le de l&rsquo;interpr\u00e9tation automatique et des principaux crit\u00e8res de s\u00e9lection &#013; &#013; Dans un monde de plus en plus interconnect\u00e9, la n\u00e9cessit\u00e9 d&rsquo;une communication transparente entre les...\" \/>\n<meta property=\"og:url\" content=\"https:\/\/www.mastervoice.eu\/fr\/interpretation-automatique\/\" \/>\n<meta property=\"og:site_name\" content=\"Mastervoice\" \/>\n<meta property=\"article:publisher\" content=\"https:\/\/www.facebook.com\/Mastervoice\/\" \/>\n<meta property=\"article:modified_time\" content=\"2025-08-04T18:32:59+00:00\" \/>\n<meta property=\"og:image\" content=\"https:\/\/www.mastervoice.eu\/wp-content\/uploads\/2023\/06\/LOGO-VERTICAL_Q.jpg\" \/>\n\t<meta property=\"og:image:width\" content=\"630\" \/>\n\t<meta property=\"og:image:height\" content=\"315\" \/>\n\t<meta property=\"og:image:type\" content=\"image\/jpeg\" \/>\n<meta name=\"twitter:card\" content=\"summary_large_image\" \/>\n<meta name=\"twitter:label1\" content=\"Dur\u00e9e de lecture estim\u00e9e\" \/>\n\t<meta name=\"twitter:data1\" content=\"7 minutes\" \/>\n<script type=\"application\/ld+json\" class=\"yoast-schema-graph\">{\"@context\":\"https:\\\/\\\/schema.org\",\"@graph\":[{\"@type\":\"WebPage\",\"@id\":\"https:\\\/\\\/www.mastervoice.eu\\\/fr\\\/interpretation-automatique\\\/\",\"url\":\"https:\\\/\\\/www.mastervoice.eu\\\/fr\\\/interpretation-automatique\\\/\",\"name\":\"Interpr\u00e9tation automatique - Mastervoice\",\"isPartOf\":{\"@id\":\"https:\\\/\\\/www.mastervoice.eu\\\/fr\\\/#website\"},\"datePublished\":\"2025-05-29T12:10:32+00:00\",\"dateModified\":\"2025-08-04T18:32:59+00:00\",\"breadcrumb\":{\"@id\":\"https:\\\/\\\/www.mastervoice.eu\\\/fr\\\/interpretation-automatique\\\/#breadcrumb\"},\"inLanguage\":\"fr-FR\",\"potentialAction\":[{\"@type\":\"ReadAction\",\"target\":[\"https:\\\/\\\/www.mastervoice.eu\\\/fr\\\/interpretation-automatique\\\/\"]}]},{\"@type\":\"BreadcrumbList\",\"@id\":\"https:\\\/\\\/www.mastervoice.eu\\\/fr\\\/interpretation-automatique\\\/#breadcrumb\",\"itemListElement\":[{\"@type\":\"ListItem\",\"position\":1,\"name\":\"Home\",\"item\":\"https:\\\/\\\/www.mastervoice.eu\\\/fr\\\/page-dacceuil\\\/\"},{\"@type\":\"ListItem\",\"position\":2,\"name\":\"Interpr\u00e9tation automatique\"}]},{\"@type\":\"WebSite\",\"@id\":\"https:\\\/\\\/www.mastervoice.eu\\\/fr\\\/#website\",\"url\":\"https:\\\/\\\/www.mastervoice.eu\\\/fr\\\/\",\"name\":\"Mastervoice\",\"description\":\"Masters in Simultaneous Interpretation\",\"publisher\":{\"@id\":\"https:\\\/\\\/www.mastervoice.eu\\\/fr\\\/#organization\"},\"potentialAction\":[{\"@type\":\"SearchAction\",\"target\":{\"@type\":\"EntryPoint\",\"urlTemplate\":\"https:\\\/\\\/www.mastervoice.eu\\\/fr\\\/?s={search_term_string}\"},\"query-input\":{\"@type\":\"PropertyValueSpecification\",\"valueRequired\":true,\"valueName\":\"search_term_string\"}}],\"inLanguage\":\"fr-FR\"},{\"@type\":\"Organization\",\"@id\":\"https:\\\/\\\/www.mastervoice.eu\\\/fr\\\/#organization\",\"name\":\"Mastervoice\",\"url\":\"https:\\\/\\\/www.mastervoice.eu\\\/fr\\\/\",\"logo\":{\"@type\":\"ImageObject\",\"inLanguage\":\"fr-FR\",\"@id\":\"https:\\\/\\\/www.mastervoice.eu\\\/fr\\\/#\\\/schema\\\/logo\\\/image\\\/\",\"url\":\"https:\\\/\\\/www.mastervoice.eu\\\/wp-content\\\/uploads\\\/2022\\\/08\\\/cropped-mastervoice_favicon-1.png\",\"contentUrl\":\"https:\\\/\\\/www.mastervoice.eu\\\/wp-content\\\/uploads\\\/2022\\\/08\\\/cropped-mastervoice_favicon-1.png\",\"width\":512,\"height\":512,\"caption\":\"Mastervoice\"},\"image\":{\"@id\":\"https:\\\/\\\/www.mastervoice.eu\\\/fr\\\/#\\\/schema\\\/logo\\\/image\\\/\"},\"sameAs\":[\"https:\\\/\\\/www.facebook.com\\\/Mastervoice\\\/\",\"https:\\\/\\\/www.linkedin.com\\\/company\\\/mastervoice\"]}]}<\/script>\n<!-- \/ Yoast SEO plugin. -->","yoast_head_json":{"title":"Interpr\u00e9tation automatique - Mastervoice","robots":{"index":"index","follow":"follow","max-snippet":"max-snippet:-1","max-image-preview":"max-image-preview:large","max-video-preview":"max-video-preview:-1"},"canonical":"https:\/\/www.mastervoice.eu\/fr\/interpretation-automatique\/","og_locale":"fr_FR","og_type":"article","og_title":"Interpr\u00e9tation automatique - Mastervoice","og_description":"&#13; Exploration du r\u00f4le de l&rsquo;interpr\u00e9tation automatique et des principaux crit\u00e8res de s\u00e9lection &#13; &#13; Dans un monde de plus en plus interconnect\u00e9, la n\u00e9cessit\u00e9 d&rsquo;une communication transparente entre les...","og_url":"https:\/\/www.mastervoice.eu\/fr\/interpretation-automatique\/","og_site_name":"Mastervoice","article_publisher":"https:\/\/www.facebook.com\/Mastervoice\/","article_modified_time":"2025-08-04T18:32:59+00:00","og_image":[{"width":630,"height":315,"url":"https:\/\/www.mastervoice.eu\/wp-content\/uploads\/2023\/06\/LOGO-VERTICAL_Q.jpg","type":"image\/jpeg"}],"twitter_card":"summary_large_image","twitter_misc":{"Dur\u00e9e de lecture estim\u00e9e":"7 minutes"},"schema":{"@context":"https:\/\/schema.org","@graph":[{"@type":"WebPage","@id":"https:\/\/www.mastervoice.eu\/fr\/interpretation-automatique\/","url":"https:\/\/www.mastervoice.eu\/fr\/interpretation-automatique\/","name":"Interpr\u00e9tation automatique - Mastervoice","isPartOf":{"@id":"https:\/\/www.mastervoice.eu\/fr\/#website"},"datePublished":"2025-05-29T12:10:32+00:00","dateModified":"2025-08-04T18:32:59+00:00","breadcrumb":{"@id":"https:\/\/www.mastervoice.eu\/fr\/interpretation-automatique\/#breadcrumb"},"inLanguage":"fr-FR","potentialAction":[{"@type":"ReadAction","target":["https:\/\/www.mastervoice.eu\/fr\/interpretation-automatique\/"]}]},{"@type":"BreadcrumbList","@id":"https:\/\/www.mastervoice.eu\/fr\/interpretation-automatique\/#breadcrumb","itemListElement":[{"@type":"ListItem","position":1,"name":"Home","item":"https:\/\/www.mastervoice.eu\/fr\/page-dacceuil\/"},{"@type":"ListItem","position":2,"name":"Interpr\u00e9tation automatique"}]},{"@type":"WebSite","@id":"https:\/\/www.mastervoice.eu\/fr\/#website","url":"https:\/\/www.mastervoice.eu\/fr\/","name":"Mastervoice","description":"Masters in Simultaneous Interpretation","publisher":{"@id":"https:\/\/www.mastervoice.eu\/fr\/#organization"},"potentialAction":[{"@type":"SearchAction","target":{"@type":"EntryPoint","urlTemplate":"https:\/\/www.mastervoice.eu\/fr\/?s={search_term_string}"},"query-input":{"@type":"PropertyValueSpecification","valueRequired":true,"valueName":"search_term_string"}}],"inLanguage":"fr-FR"},{"@type":"Organization","@id":"https:\/\/www.mastervoice.eu\/fr\/#organization","name":"Mastervoice","url":"https:\/\/www.mastervoice.eu\/fr\/","logo":{"@type":"ImageObject","inLanguage":"fr-FR","@id":"https:\/\/www.mastervoice.eu\/fr\/#\/schema\/logo\/image\/","url":"https:\/\/www.mastervoice.eu\/wp-content\/uploads\/2022\/08\/cropped-mastervoice_favicon-1.png","contentUrl":"https:\/\/www.mastervoice.eu\/wp-content\/uploads\/2022\/08\/cropped-mastervoice_favicon-1.png","width":512,"height":512,"caption":"Mastervoice"},"image":{"@id":"https:\/\/www.mastervoice.eu\/fr\/#\/schema\/logo\/image\/"},"sameAs":["https:\/\/www.facebook.com\/Mastervoice\/","https:\/\/www.linkedin.com\/company\/mastervoice"]}]}},"_links":{"self":[{"href":"https:\/\/www.mastervoice.eu\/fr\/wp-json\/wp\/v2\/pages\/4883","targetHints":{"allow":["GET"]}}],"collection":[{"href":"https:\/\/www.mastervoice.eu\/fr\/wp-json\/wp\/v2\/pages"}],"about":[{"href":"https:\/\/www.mastervoice.eu\/fr\/wp-json\/wp\/v2\/types\/page"}],"author":[{"embeddable":true,"href":"https:\/\/www.mastervoice.eu\/fr\/wp-json\/wp\/v2\/users\/3"}],"replies":[{"embeddable":true,"href":"https:\/\/www.mastervoice.eu\/fr\/wp-json\/wp\/v2\/comments?post=4883"}],"version-history":[{"count":1,"href":"https:\/\/www.mastervoice.eu\/fr\/wp-json\/wp\/v2\/pages\/4883\/revisions"}],"predecessor-version":[{"id":4884,"href":"https:\/\/www.mastervoice.eu\/fr\/wp-json\/wp\/v2\/pages\/4883\/revisions\/4884"}],"wp:attachment":[{"href":"https:\/\/www.mastervoice.eu\/fr\/wp-json\/wp\/v2\/media?parent=4883"}],"curies":[{"name":"wp","href":"https:\/\/api.w.org\/{rel}","templated":true}]}}